{"id":5799,"date":"2025-04-11T16:58:24","date_gmt":"2025-04-11T14:58:24","guid":{"rendered":"https:\/\/epilate.77agency.dev\/faq\/"},"modified":"2025-07-11T11:57:00","modified_gmt":"2025-07-11T09:57:00","slug":"faq","status":"publish","type":"page","link":"https:\/\/www.epilate.it\/en\/faq\/","title":{"rendered":"FAQ"},"content":{"rendered":"","protected":false},"excerpt":{"rendered":"","protected":false},"author":5,"featured_media":0,"parent":0,"menu_order":0,"comment_status":"closed","ping_status":"closed","template":"templates\/faq.php","meta":{"_acf_changed":false,"footnotes":""},"class_list":["post-5799","page","type-page","status-publish","hentry"],"acf":[],"yoast_head":"<!-- This site is optimized with the Yoast SEO plugin v27.3 - https:\/\/yoast.com\/product\/yoast-seo-wordpress\/ -->\n<title>ep\u00ecLate FAQs: questions about laser hair removal | ep\u00ecLate<\/title>\n<meta name=\"description\" content=\"Here you will find all the answers about the ep\u00ecLate methodology and permanent laser hair removal: how it works and sessions usually required.\" \/>\n<meta name=\"robots\" content=\"index, follow, max-snippet:-1, max-image-preview:large, max-video-preview:-1\" \/>\n<meta property=\"og:locale\" content=\"en_US\" \/>\n<meta property=\"og:type\" content=\"article\" \/>\n<meta property=\"og:title\" content=\"ep\u00ecLate FAQs: questions about laser hair removal | ep\u00ecLate\" \/>\n<meta property=\"og:description\" content=\"Here you will find all the answers about the ep\u00ecLate methodology and permanent laser hair removal: how it works and sessions usually required.\" \/>\n<meta property=\"og:url\" content=\"https:\/\/www.epilate.it\/en\/faq\/\" \/>\n<meta property=\"og:site_name\" content=\"Epilate\" \/>\n<meta property=\"article:modified_time\" content=\"2025-07-11T09:57:00+00:00\" \/>\n<meta name=\"twitter:card\" content=\"summary_large_image\" \/>\n<script type=\"application\/ld+json\" class=\"yoast-schema-graph\">{\"@context\":\"https:\\\/\\\/schema.org\",\"@graph\":[{\"@type\":\"WebPage\",\"@id\":\"https:\\\/\\\/www.epilate.it\\\/en\\\/faq\\\/\",\"url\":\"https:\\\/\\\/www.epilate.it\\\/en\\\/faq\\\/\",\"name\":\"ep\u00ecLate FAQs: questions about laser hair removal | ep\u00ecLate\",\"isPartOf\":{\"@id\":\"https:\\\/\\\/www.epilate.it\\\/en\\\/#website\"},\"datePublished\":\"2025-04-11T14:58:24+00:00\",\"dateModified\":\"2025-07-11T09:57:00+00:00\",\"description\":\"Here you will find all the answers about the ep\u00ecLate methodology and permanent laser hair removal: how it works and sessions usually required.\",\"breadcrumb\":{\"@id\":\"https:\\\/\\\/www.epilate.it\\\/en\\\/faq\\\/#breadcrumb\"},\"inLanguage\":\"en-US\",\"potentialAction\":[{\"@type\":\"ReadAction\",\"target\":[\"https:\\\/\\\/www.epilate.it\\\/en\\\/faq\\\/\"]}]},{\"@type\":\"BreadcrumbList\",\"@id\":\"https:\\\/\\\/www.epilate.it\\\/en\\\/faq\\\/#breadcrumb\",\"itemListElement\":[{\"@type\":\"ListItem\",\"position\":1,\"name\":\"Home\",\"item\":\"https:\\\/\\\/www.epilate.it\\\/en\\\/\"},{\"@type\":\"ListItem\",\"position\":2,\"name\":\"FAQ\"}]},{\"@type\":\"WebSite\",\"@id\":\"https:\\\/\\\/www.epilate.it\\\/en\\\/#website\",\"url\":\"https:\\\/\\\/www.epilate.it\\\/en\\\/\",\"name\":\"Epilate\",\"description\":\"\",\"inLanguage\":\"en-US\"}]}<\/script>\n<!-- \/ Yoast SEO plugin. -->","yoast_head_json":{"title":"ep\u00ecLate FAQs: questions about laser hair removal | ep\u00ecLate","description":"Here you will find all the answers about the ep\u00ecLate methodology and permanent laser hair removal: how it works and sessions usually required.","robots":{"index":"index","follow":"follow","max-snippet":"max-snippet:-1","max-image-preview":"max-image-preview:large","max-video-preview":"max-video-preview:-1"},"og_locale":"en_US","og_type":"article","og_title":"ep\u00ecLate FAQs: questions about laser hair removal | ep\u00ecLate","og_description":"Here you will find all the answers about the ep\u00ecLate methodology and permanent laser hair removal: how it works and sessions usually required.","og_url":"https:\/\/www.epilate.it\/en\/faq\/","og_site_name":"Epilate","article_modified_time":"2025-07-11T09:57:00+00:00","twitter_card":"summary_large_image","schema":{"@context":"https:\/\/schema.org","@graph":[{"@type":"WebPage","@id":"https:\/\/www.epilate.it\/en\/faq\/","url":"https:\/\/www.epilate.it\/en\/faq\/","name":"ep\u00ecLate FAQs: questions about laser hair removal | ep\u00ecLate","isPartOf":{"@id":"https:\/\/www.epilate.it\/en\/#website"},"datePublished":"2025-04-11T14:58:24+00:00","dateModified":"2025-07-11T09:57:00+00:00","description":"Here you will find all the answers about the ep\u00ecLate methodology and permanent laser hair removal: how it works and sessions usually required.","breadcrumb":{"@id":"https:\/\/www.epilate.it\/en\/faq\/#breadcrumb"},"inLanguage":"en-US","potentialAction":[{"@type":"ReadAction","target":["https:\/\/www.epilate.it\/en\/faq\/"]}]},{"@type":"BreadcrumbList","@id":"https:\/\/www.epilate.it\/en\/faq\/#breadcrumb","itemListElement":[{"@type":"ListItem","position":1,"name":"Home","item":"https:\/\/www.epilate.it\/en\/"},{"@type":"ListItem","position":2,"name":"FAQ"}]},{"@type":"WebSite","@id":"https:\/\/www.epilate.it\/en\/#website","url":"https:\/\/www.epilate.it\/en\/","name":"Epilate","description":"","inLanguage":"en-US"}]}},"_links":{"self":[{"href":"https:\/\/www.epilate.it\/en\/wp-json\/wp\/v2\/pages\/5799","targetHints":{"allow":["GET"]}}],"collection":[{"href":"https:\/\/www.epilate.it\/en\/wp-json\/wp\/v2\/pages"}],"about":[{"href":"https:\/\/www.epilate.it\/en\/wp-json\/wp\/v2\/types\/page"}],"author":[{"embeddable":true,"href":"https:\/\/www.epilate.it\/en\/wp-json\/wp\/v2\/users\/5"}],"replies":[{"embeddable":true,"href":"https:\/\/www.epilate.it\/en\/wp-json\/wp\/v2\/comments?post=5799"}],"version-history":[{"count":6,"href":"https:\/\/www.epilate.it\/en\/wp-json\/wp\/v2\/pages\/5799\/revisions"}],"predecessor-version":[{"id":7687,"href":"https:\/\/www.epilate.it\/en\/wp-json\/wp\/v2\/pages\/5799\/revisions\/7687"}],"wp:attachment":[{"href":"https:\/\/www.epilate.it\/en\/wp-json\/wp\/v2\/media?parent=5799"}],"curies":[{"name":"wp","href":"https:\/\/api.w.org\/{rel}","templated":true}]}}