{"id":5774,"date":"2025-02-06T17:12:55","date_gmt":"2025-02-06T16:12:55","guid":{"rendered":"https:\/\/epilate.77agency.dev\/chi-siamo\/"},"modified":"2025-07-10T10:53:28","modified_gmt":"2025-07-10T08:53:28","slug":"who-we-are","status":"publish","type":"page","link":"https:\/\/www.epilate.it\/en\/who-we-are\/","title":{"rendered":"Who we are"},"content":{"rendered":"","protected":false},"excerpt":{"rendered":"","protected":false},"author":5,"featured_media":0,"parent":0,"menu_order":0,"comment_status":"closed","ping_status":"closed","template":"","meta":{"_acf_changed":false,"footnotes":""},"class_list":["post-5774","page","type-page","status-publish","hentry"],"acf":[],"yoast_head":"<!-- This site is optimized with the Yoast SEO plugin v27.3 - https:\/\/yoast.com\/product\/yoast-seo-wordpress\/ -->\n<title>ep\u00ecLate: the best laser hair removal since 2010 | ep\u00ecLate<\/title>\n<meta name=\"description\" content=\"Ep\u00ecLate is a company that specialises in permanent laser hair removal. Founded in Brescia in 2010, it now operates throughout Italy and Lugan.\" \/>\n<meta name=\"robots\" content=\"index, follow, max-snippet:-1, max-image-preview:large, max-video-preview:-1\" \/>\n<meta property=\"og:locale\" content=\"en_US\" \/>\n<meta property=\"og:type\" content=\"article\" \/>\n<meta property=\"og:title\" content=\"ep\u00ecLate: the best laser hair removal since 2010 | ep\u00ecLate\" \/>\n<meta property=\"og:description\" content=\"Ep\u00ecLate is a company that specialises in permanent laser hair removal. Founded in Brescia in 2010, it now operates throughout Italy and Lugan.\" \/>\n<meta property=\"og:url\" content=\"https:\/\/www.epilate.it\/en\/who-we-are\/\" \/>\n<meta property=\"og:site_name\" content=\"Epilate\" \/>\n<meta property=\"article:modified_time\" content=\"2025-07-10T08:53:28+00:00\" \/>\n<meta name=\"twitter:card\" content=\"summary_large_image\" \/>\n<script type=\"application\/ld+json\" class=\"yoast-schema-graph\">{\"@context\":\"https:\\\/\\\/schema.org\",\"@graph\":[{\"@type\":\"WebPage\",\"@id\":\"https:\\\/\\\/www.epilate.it\\\/en\\\/who-we-are\\\/\",\"url\":\"https:\\\/\\\/www.epilate.it\\\/en\\\/who-we-are\\\/\",\"name\":\"ep\u00ecLate: the best laser hair removal since 2010 | ep\u00ecLate\",\"isPartOf\":{\"@id\":\"https:\\\/\\\/www.epilate.it\\\/en\\\/#website\"},\"datePublished\":\"2025-02-06T16:12:55+00:00\",\"dateModified\":\"2025-07-10T08:53:28+00:00\",\"description\":\"Ep\u00ecLate is a company that specialises in permanent laser hair removal. Founded in Brescia in 2010, it now operates throughout Italy and Lugan.\",\"breadcrumb\":{\"@id\":\"https:\\\/\\\/www.epilate.it\\\/en\\\/who-we-are\\\/#breadcrumb\"},\"inLanguage\":\"en-US\",\"potentialAction\":[{\"@type\":\"ReadAction\",\"target\":[\"https:\\\/\\\/www.epilate.it\\\/en\\\/who-we-are\\\/\"]}]},{\"@type\":\"BreadcrumbList\",\"@id\":\"https:\\\/\\\/www.epilate.it\\\/en\\\/who-we-are\\\/#breadcrumb\",\"itemListElement\":[{\"@type\":\"ListItem\",\"position\":1,\"name\":\"Home\",\"item\":\"https:\\\/\\\/www.epilate.it\\\/en\\\/\"},{\"@type\":\"ListItem\",\"position\":2,\"name\":\"Who we are\"}]},{\"@type\":\"WebSite\",\"@id\":\"https:\\\/\\\/www.epilate.it\\\/en\\\/#website\",\"url\":\"https:\\\/\\\/www.epilate.it\\\/en\\\/\",\"name\":\"Epilate\",\"description\":\"\",\"inLanguage\":\"en-US\"}]}<\/script>\n<!-- \/ Yoast SEO plugin. -->","yoast_head_json":{"title":"ep\u00ecLate: the best laser hair removal since 2010 | ep\u00ecLate","description":"Ep\u00ecLate is a company that specialises in permanent laser hair removal. Founded in Brescia in 2010, it now operates throughout Italy and Lugan.","robots":{"index":"index","follow":"follow","max-snippet":"max-snippet:-1","max-image-preview":"max-image-preview:large","max-video-preview":"max-video-preview:-1"},"og_locale":"en_US","og_type":"article","og_title":"ep\u00ecLate: the best laser hair removal since 2010 | ep\u00ecLate","og_description":"Ep\u00ecLate is a company that specialises in permanent laser hair removal. Founded in Brescia in 2010, it now operates throughout Italy and Lugan.","og_url":"https:\/\/www.epilate.it\/en\/who-we-are\/","og_site_name":"Epilate","article_modified_time":"2025-07-10T08:53:28+00:00","twitter_card":"summary_large_image","schema":{"@context":"https:\/\/schema.org","@graph":[{"@type":"WebPage","@id":"https:\/\/www.epilate.it\/en\/who-we-are\/","url":"https:\/\/www.epilate.it\/en\/who-we-are\/","name":"ep\u00ecLate: the best laser hair removal since 2010 | ep\u00ecLate","isPartOf":{"@id":"https:\/\/www.epilate.it\/en\/#website"},"datePublished":"2025-02-06T16:12:55+00:00","dateModified":"2025-07-10T08:53:28+00:00","description":"Ep\u00ecLate is a company that specialises in permanent laser hair removal. Founded in Brescia in 2010, it now operates throughout Italy and Lugan.","breadcrumb":{"@id":"https:\/\/www.epilate.it\/en\/who-we-are\/#breadcrumb"},"inLanguage":"en-US","potentialAction":[{"@type":"ReadAction","target":["https:\/\/www.epilate.it\/en\/who-we-are\/"]}]},{"@type":"BreadcrumbList","@id":"https:\/\/www.epilate.it\/en\/who-we-are\/#breadcrumb","itemListElement":[{"@type":"ListItem","position":1,"name":"Home","item":"https:\/\/www.epilate.it\/en\/"},{"@type":"ListItem","position":2,"name":"Who we are"}]},{"@type":"WebSite","@id":"https:\/\/www.epilate.it\/en\/#website","url":"https:\/\/www.epilate.it\/en\/","name":"Epilate","description":"","inLanguage":"en-US"}]}},"_links":{"self":[{"href":"https:\/\/www.epilate.it\/en\/wp-json\/wp\/v2\/pages\/5774","targetHints":{"allow":["GET"]}}],"collection":[{"href":"https:\/\/www.epilate.it\/en\/wp-json\/wp\/v2\/pages"}],"about":[{"href":"https:\/\/www.epilate.it\/en\/wp-json\/wp\/v2\/types\/page"}],"author":[{"embeddable":true,"href":"https:\/\/www.epilate.it\/en\/wp-json\/wp\/v2\/users\/5"}],"replies":[{"embeddable":true,"href":"https:\/\/www.epilate.it\/en\/wp-json\/wp\/v2\/comments?post=5774"}],"version-history":[{"count":20,"href":"https:\/\/www.epilate.it\/en\/wp-json\/wp\/v2\/pages\/5774\/revisions"}],"predecessor-version":[{"id":7675,"href":"https:\/\/www.epilate.it\/en\/wp-json\/wp\/v2\/pages\/5774\/revisions\/7675"}],"wp:attachment":[{"href":"https:\/\/www.epilate.it\/en\/wp-json\/wp\/v2\/media?parent=5774"}],"curies":[{"name":"wp","href":"https:\/\/api.w.org\/{rel}","templated":true}]}}